{"id":25,"date":"2016-02-07T01:28:10","date_gmt":"2016-02-06T23:28:10","guid":{"rendered":"http:\/\/www.mudanyagazeteciler.org\/?page_id=25"},"modified":"2026-04-25T13:37:23","modified_gmt":"2026-04-25T10:37:23","slug":"iletisim","status":"publish","type":"page","link":"https:\/\/www.mudanyagazeteciler.org\/?page_id=25","title":{"rendered":"\u0130leti\u015fim"},"content":{"rendered":"<p style=\"text-align: center; padding-left: 30px;\"><strong>MUDANYA GAZETEC\u0130LER DERNE\u011e\u0130<\/strong><br \/>\nHalitpa\u015fa Mh. Stadyum Cd.<br \/>\nMudanya Belediyesi Dernekler Yerle\u015fkesi No:1<br \/>\nMudanya-BURSA<br \/>\nTel.\/Faks: +90 537 795 54 21<br \/>\n<a href=\"mailto:mgd@mudanyagazeteciler.org\">mgd@mudanyagazeteciler.org<\/a><\/p>\n<table border=\"0\" width=\"643\" cellspacing=\"0\" cellpadding=\"0\">\n<colgroup span=\"1\">\n<col span=\"1\" width=\"148\" \/>\n<col span=\"1\" width=\"138\" \/>\n<col span=\"1\" width=\"76\" \/>\n<col span=\"1\" width=\"97\" \/>\n<col span=\"1\" width=\"184\" \/> <\/colgroup>\n<tbody>\n<tr>\n<td width=\"148\" height=\"17\"><strong>KURUM ADI<\/strong><\/td>\n<td width=\"138\"><strong>\u0130S\u0130M<\/strong><\/td>\n<td style=\"padding-left: 30px;\" width=\"76\"><strong>TEL<\/strong><\/td>\n<td style=\"padding-left: 60px;\" width=\"97\"><strong>CEP<\/strong><\/td>\n<td width=\"184\"><strong>E-POSTA<\/strong><\/td>\n<\/tr>\n<tr>\n<td height=\"17\"><\/td>\n<td><\/td>\n<td><\/td>\n<td><\/td>\n<td><\/td>\n<\/tr>\n<tr>\n<td height=\"17\"><strong>YEREL BASIN<\/strong><\/td>\n<td><\/td>\n<td><\/td>\n<td><\/td>\n<td><\/td>\n<\/tr>\n<tr>\n<td height=\"17\"><\/td>\n<td><\/td>\n<td><\/td>\n<td><\/td>\n<td><\/td>\n<\/tr>\n<tr>\n<td height=\"17\"><\/td>\n<td><\/td>\n<td><\/td>\n<td><\/td>\n<td><\/td>\n<\/tr>\n<tr>\n<td height=\"17\">G\u00dcRSES GAZETES\u0130<\/td>\n<td>Basri Filiz<\/td>\n<td>544 07 01<\/td>\n<td><\/td>\n<td><a href=\"mailto:gurmetmatbaa@hotmail.com\">gurmetmatbaa@hotmail.com<\/a><\/td>\n<\/tr>\n<tr>\n<td height=\"17\">MUDANYA GAZETES\u0130<\/td>\n<td>Yavuz Ger\u00e7ek\u00e7i<\/td>\n<td>544 37 55<\/td>\n<td>0532-595 43 69<\/td>\n<td><a href=\"mailto:gazete@mudanyaonline.net\">gazete@mudanyaonline.net<\/a><\/td>\n<\/tr>\n<tr>\n<td height=\"17\"><\/td>\n<td><\/td>\n<td><\/td>\n<td><\/td>\n<td><\/td>\n<\/tr>\n<tr>\n<td height=\"17\"><\/td>\n<td><\/td>\n<td><\/td>\n<td><\/td>\n<td><\/td>\n<\/tr>\n<tr>\n<td height=\"17\"><strong>AJANSLAR<\/strong><\/td>\n<td><\/td>\n<td><\/td>\n<td><\/td>\n<td><\/td>\n<\/tr>\n<tr>\n<td height=\"17\"><\/td>\n<td><\/td>\n<td><\/td>\n<td><\/td>\n<td><\/td>\n<\/tr>\n<tr>\n<td height=\"17\">AA<\/td>\n<td>\u0130lhan Atabey<\/td>\n<td><\/td>\n<td>0537 795 54 21<\/td>\n<td><\/td>\n<\/tr>\n<tr>\n<td height=\"17\">DO\u011eAN HABER AJANS<\/td>\n<td>\u00d6zg\u00fcl Atabey<\/td>\n<td><\/td>\n<td>0537 795 54 21<\/td>\n<td><\/td>\n<\/tr>\n<tr>\n<td height=\"17\">\u0130HLAS HABER AJANSI<\/td>\n<td>Hakk\u0131 Ovatman<\/td>\n<td><\/td>\n<td>0530\u00a0481 02 52<\/td>\n<td><a href=\"mailto:hakkovat@hotmail.com\">hakkovat@hotmail.com<\/a><\/td>\n<\/tr>\n<tr>\n<td height=\"17\"><\/td>\n<td><\/td>\n<td><\/td>\n<td><\/td>\n<td><\/td>\n<\/tr>\n<tr>\n<td height=\"17\"><strong>DERG\u0130<\/strong><\/td>\n<td><\/td>\n<td><\/td>\n<td><\/td>\n<td><\/td>\n<\/tr>\n<tr>\n<td height=\"17\"><\/td>\n<td><\/td>\n<td><\/td>\n<td><\/td>\n<td><\/td>\n<\/tr>\n<tr>\n<td height=\"17\">EL\u0130Z EDEB\u0130YAT DERG\u0130S\u0130<\/td>\n<td>Hilmi Ha\u015fal<\/td>\n<td>225 24 09<\/td>\n<td>0536 460 11 75<\/td>\n<td><a href=\"mailto:elizedebiyat@gmail.com\">elizedebiyat@gmail.com<\/a><\/td>\n<\/tr>\n<tr>\n<td height=\"17\"><\/td>\n<td><\/td>\n<td><\/td>\n<td><\/td>\n<td><\/td>\n<\/tr>\n<tr>\n<td height=\"17\"><\/td>\n<td><\/td>\n<td><\/td>\n<td><\/td>\n<td><\/td>\n<\/tr>\n<tr>\n<td height=\"17\"><\/td>\n<td><\/td>\n<td><\/td>\n<td><\/td>\n<td><\/td>\n<\/tr>\n<tr>\n<td height=\"17\"><strong>\u0130NTERNET YAYINLARI<\/strong><\/td>\n<td><\/td>\n<td><\/td>\n<td><\/td>\n<td><\/td>\n<\/tr>\n<tr>\n<td height=\"17\"><\/td>\n<td><\/td>\n<td><\/td>\n<td><\/td>\n<td><\/td>\n<\/tr>\n<tr>\n<td height=\"17\">mudanya.gen.tr<\/td>\n<td>\u00d6ner K\u0131ran<\/td>\n<td><\/td>\n<td>0553 239 05 30<\/td>\n<td><a href=\"mailto:onerkiran@yahoo.com\">onerkiran@yahoo.com<\/a><\/td>\n<\/tr>\n<tr>\n<td height=\"17\">mudanyaekspres.com<\/td>\n<td>\u0130smail \u00d6zgirgin<\/td>\n<td><\/td>\n<td>0536-772 37 00<\/td>\n<td><a href=\"mailto:mudanyaekspres@hotmail.com\">mudanyaekspres@hotmail.com<\/a><\/td>\n<\/tr>\n<tr>\n<td height=\"17\">mudanyagundem.com<\/td>\n<td>\u0130lhan Atabey<\/td>\n<td><\/td>\n<td>0537 795 54 21<\/td>\n<td><a href=\"mailto:ilhanatabey16@gmail.com\">ilhanatabey16@gmail.com<\/a><\/td>\n<\/tr>\n<tr>\n<td height=\"17\">mudanyayorum.com<\/td>\n<td>Hakk\u0131 Ovatman<\/td>\n<td><\/td>\n<td>0530 481 02 52<\/td>\n<td><a href=\"mailto:hakkovat@hotmail.com\">hakkovat@hotmail.com<\/a><\/td>\n<\/tr>\n<tr>\n<td height=\"17\"><\/td>\n<td><\/td>\n<td><\/td>\n<td><\/td>\n<td><\/td>\n<\/tr>\n<tr>\n<td height=\"17\"><\/td>\n<td><\/td>\n<td><\/td>\n<td><\/td>\n<td><\/td>\n<\/tr>\n<tr>\n<td colspan=\"7\" height=\"17\">* BASIN KURULU\u015eLARIN \u0130S\u0130MLER\u0130 ALFABET\u0130K SIRALAMAYA G\u00d6RE YAZILMI\u015eTIR<\/td>\n<\/tr>\n<\/tbody>\n<\/table>\n","protected":false},"excerpt":{"rendered":"<p>MUDANYA GAZETEC\u0130LER DERNE\u011e\u0130 Halitpa\u015fa Mh. Stadyum Cd. Mudanya Belediyesi Dernekler Yerle\u015fkesi No:1 Mudanya-BURSA Tel.\/Faks: +90 537 795 54 21 mgd@mudanyagazeteciler.org KURUM ADI \u0130S\u0130M TEL CEP E-POSTA YEREL BASIN G\u00dcRSES GAZETES\u0130 Basri Filiz 544 07 01 gurmetmatbaa@hotmail.com MUDANYA GAZETES\u0130 Yavuz Ger\u00e7ek\u00e7i 544 37 55 0532-595 43 69 gazete@mudanyaonline.net AJANSLAR AA \u0130lhan Atabey 0537 795 54 21 [&hellip;]<\/p>\n","protected":false},"author":1,"featured_media":0,"parent":0,"menu_order":0,"comment_status":"open","ping_status":"open","template":"","meta":{"footnotes":""},"class_list":["post-25","page","type-page","status-publish","hentry"],"jetpack_sharing_enabled":true,"_links":{"self":[{"href":"https:\/\/www.mudanyagazeteciler.org\/index.php?rest_route=\/wp\/v2\/pages\/25","targetHints":{"allow":["GET"]}}],"collection":[{"href":"https:\/\/www.mudanyagazeteciler.org\/index.php?rest_route=\/wp\/v2\/pages"}],"about":[{"href":"https:\/\/www.mudanyagazeteciler.org\/index.php?rest_route=\/wp\/v2\/types\/page"}],"author":[{"embeddable":true,"href":"https:\/\/www.mudanyagazeteciler.org\/index.php?rest_route=\/wp\/v2\/users\/1"}],"replies":[{"embeddable":true,"href":"https:\/\/www.mudanyagazeteciler.org\/index.php?rest_route=%2Fwp%2Fv2%2Fcomments&post=25"}],"version-history":[{"count":34,"href":"https:\/\/www.mudanyagazeteciler.org\/index.php?rest_route=\/wp\/v2\/pages\/25\/revisions"}],"predecessor-version":[{"id":610,"href":"https:\/\/www.mudanyagazeteciler.org\/index.php?rest_route=\/wp\/v2\/pages\/25\/revisions\/610"}],"wp:attachment":[{"href":"https:\/\/www.mudanyagazeteciler.org\/index.php?rest_route=%2Fwp%2Fv2%2Fmedia&parent=25"}],"curies":[{"name":"wp","href":"https:\/\/api.w.org\/{rel}","templated":true}]}}