{"id":2,"date":"2016-01-15T19:41:07","date_gmt":"2016-01-15T17:41:07","guid":{"rendered":"http:\/\/www.mudanyagazeteciler.org\/?page_id=2"},"modified":"2016-07-15T14:53:11","modified_gmt":"2016-07-15T11:53:11","slug":"hakkinda","status":"publish","type":"page","link":"https:\/\/www.mudanyagazeteciler.org\/?page_id=2","title":{"rendered":"Hakk\u0131m\u0131zda"},"content":{"rendered":"<p>Mudanya Gazeteciler Derne\u011fi 07 A\u011fustos 1997 tarihinde kurulmu\u015ftur.<\/p>\n<p>Cemiyetin Kurucu Ba\u015fkan\u0131 D\u00fcndar Parmaks\u0131zo\u011flu\u2019dur. 14 Aral\u0131k 1997\u00a0 tarihinde yap\u0131lan ilk ola\u011fan genel kurulunda kurucu ba\u015fkan Parmaks\u0131zo\u011flu se\u00e7imle i\u015fba\u015f\u0131na gelmi\u015f ve y\u00f6netim kurulunda Ba\u015fkan Yard\u0131mc\u0131l\u0131\u011f\u0131na Mehmet Durmu\u015f, sekreterli\u011fe Musa Zeybek, muhasipli\u011fe Ali \u00d6zkaya, \u00fcyeli\u011fe ise Tar\u0131k Arslan se\u00e7ilmi\u015ftir.<\/p>\n<p>Kurulu\u015f i\u015flemlerini tamamlayan Parmaks\u0131zo\u011flu, dernek yeri konusu ile ilgili yerel y\u00f6netimlerle g\u00f6r\u00fc\u015fmeleri yapm\u0131\u015f ve Mudanya \u00c7ar\u015f\u0131s\u0131 A Blok\u2019taki derne\u011fin faaliyet ge\u00e7mesini sa\u011flam\u0131\u015ft\u0131r.<\/p>\n<p>\u0130ki y\u0131l sonra 24 Ocak 1999 tarihinde yap\u0131lan ikinci genel kurulda \u00c7etin Ger\u00e7ek\u00e7i ba\u015fkanl\u0131\u011f\u0131ndaki y\u00f6netim \u00fc\u00e7 d\u00f6nem \u00fcst \u00fcste g\u00f6reve getirilmi\u015ftir. Ger\u00e7ek\u00e7i\u2019nin y\u00f6netimi 1999-2005 y\u0131llar\u0131 aras\u0131nda yapt\u0131\u011f\u0131 \u00e7al\u0131\u015fmalarda;<\/p>\n<p>\u0130l\u00e7e tarihinde ilk kez, 8 Ocak 2000 tarihinde yay\u0131n hayat\u0131na ba\u015flayan ve bayram ile \u00f6zel g\u00fcnlerde yay\u0131nlanan \u2018BAYRAM Gazetesi\u2019 \u00e7\u0131kart\u0131lm\u0131\u015f, Mudanya ve Mudanya M\u00fctarekesi tan\u0131t\u0131m bro\u015f\u00fcrleri haz\u0131rlanarak Ulusal ve Uluslararas\u0131 Turizm Fuarlar\u0131\u2019nda da\u011f\u0131t\u0131m\u0131 yap\u0131lm\u0131\u015ft\u0131r.<\/p>\n<p>Yine bu d\u00f6nem i\u00e7erisinde Milli Piyango M\u00fcd\u00fcrl\u00fc\u011f\u00fc\u2019ne ba\u015fvurularak 11 Ekim 2003 tarihinde 81. y\u0131ld\u00f6n\u00fcm\u00fc kutlanan Mudanya M\u00fctarekesi kutlamalar\u0131 \u00e7er\u00e7evesinde Milli Piyango M\u00fcd\u00fcrl\u00fc\u011f\u00fc\u2019n\u00fcn 9 Ekim 2003 tarihli \u00e7ekili\u015finde M\u00fctareke M\u00fcze Evi\u2019nin foto\u011fraf\u0131n\u0131n kompozisyon olarak kullan\u0131m\u0131 sa\u011flanm\u0131\u015f, ufak bir b\u00fcro da hizmet veren dernek binas\u0131n\u0131n Mudanya Belediyesi eski binas\u0131nda bir odas\u0131na ta\u015f\u0131nmas\u0131 ger\u00e7ekle\u015ftirilmi\u015ftir.<\/p>\n<p>Daha sonra 2005-2007 tarihlerinde Tar\u0131k Arslan\u2019\u0131n ba\u015fkanl\u0131k g\u00f6revinden sonra, 28 Ocak 2007 tarihinde ger\u00e7ekle\u015fen 6. Ola\u011fan Genel Kurul\u2019da Yavuz Ger\u00e7ek\u00e7i ba\u015fkanl\u0131\u011f\u0131nda gen\u00e7 y\u00f6netim i\u015f ba\u015f\u0131na gelmi\u015ftir. Yap\u0131lan bu genel kurulda ayr\u0131ca, derne\u011fin eski t\u00fcz\u00fc\u011f\u00fc Dernekler Kanunu ve Dernekler Y\u00f6netmeli\u011fi\u2019ne uyarlanarak t\u00fcm\u00fc de\u011fi\u015ftirilmi\u015f 38 maddeden olu\u015fan yeni dernek t\u00fcz\u00fc\u011f\u00fc y\u00fcr\u00fcrl\u00fc\u011fe girmi\u015ftir.<\/p>\n<p>Derne\u011fimiz ve Mudanya\u2019n\u0131n sesini elektronik ortamda da duyurabilmek i\u00e7in ilk kez kendi ad\u0131na bir Resmi Web Sitesi\u2019ni ( <a href=\"http:\/\/www.mudanyagazeteciler.org\/index.php?option=com_content&amp;task=view&amp;id=5&amp;Itemid=28\">www.mudanyagazeteciler.org<\/a> ) adresinde a\u00e7arak \u015eubat 2007\u2019de faaliyete ge\u00e7irmi\u015ftir. Derne\u011fin tan\u0131t\u0131m ama\u00e7l\u0131 yay\u0131n organ\u0131 olan GAZETE MUDANYA\u2019n\u0131n ilk say\u0131s\u0131 ise 23 Nisan 2007 tarihinde \u00e7\u0131km\u0131\u015ft\u0131r. Ulusal gazete boyutunda 8 sayfa olarak renkli yay\u0131nlanan Yavuz Ger\u00e7ek\u00e7i\u2019nin dernek ad\u0131na sahipli\u011fini \u00fcstlendi\u011fi gazetenin Yaz\u0131 \u0130\u015fleri M\u00fcd\u00fcr\u00fc \u00d6ner K\u0131ran yaparken, ilk say\u0131 k\u00fcnyesinde, G\u00f6khan Azar, Yasin Batuk, \u0130smail \u00d6zgirgin, \u00c7etin Ger\u00e7ek\u00e7i, Tar\u0131k Arslan, Ali \u00d6zkaya, D\u00fcndar Parmaks\u0131zo\u011flu, Sinan \u015eent\u00fcrk, U\u011fur Salman, Mustafa \u00d6z ve \u00c7a\u011flar Vural yay\u0131n kurulu ve katk\u0131da bulunanlar aras\u0131nda yer alm\u0131\u015ft\u0131r.<\/p>\n<p>2010 y\u0131l\u0131nda 7. ola\u011fan genel kurulunu ger\u00e7ekle\u015ftirerek\u00a0Yavuz Ger\u00e7ek\u00e7i ba\u015fkanl\u0131\u011f\u0131nda yola devam karar\u0131\u00a0alan\u00a0Mudanya Gazeteciler Derne\u011fi;\u00a0 yeni d\u00f6nemde \u00fcyelerine sosyal ve \u00e7al\u0131\u015fma hayat\u0131 ile ilgili sorunlar\u0131n\u0131n \u00e7\u00f6z\u00fcm\u00fcnde olumlu katk\u0131lar sa\u011flamaya ve dernek \u00fcyesi olsun yada olmas\u0131n b\u00fct\u00fcn gazetecilere kap\u0131s\u0131n\u0131 a\u00e7arak herkesi kucaklamaya haz\u0131rlan\u0131yor.<\/p>\n<p>Avrupa Birli\u011fi ve T\u00fcrkiye Aras\u0131ndaki Sivil Toplum Diyalogu III-Medya Hibe Program\u0131 kapsam\u0131nda Mudanya Gazeteciler Derne\u011fi (MGD)&#8217;nin\u00a0 \u201c<a title=\"Sivil Toplum Diyalogu\" href=\"http:\/\/www.siviltoplumdiyalogu.org\/project\/turk-yerel-medyasinin-avrupa-birligine-uyumu\/\" target=\"_blank\">Yerel Medyan\u0131n AB ile Uyumu<\/a>\u201d adl\u0131 proje ba\u015fvurusu, ba\u015far\u0131l\u0131 projeler aras\u0131nda yer alarak 15 Ekim 2014 tarihi itibariyle kabul edildi. 93.733,70 Euro b\u00fct\u00e7eli 15 ay s\u00fcren proje, Bulgaristan ve \u0130ngiltere\u2019deki \u00e7e\u015fitli temaslarla hem mesleki, hem de k\u00fclt\u00fcrel ziyaretlerle k\u00fclt\u00fcrleraras\u0131 diyalo\u011fa katk\u0131 sa\u011flad\u0131.<\/p>\n","protected":false},"excerpt":{"rendered":"<p>Mudanya Gazeteciler Derne\u011fi 07 A\u011fustos 1997 tarihinde kurulmu\u015ftur. Cemiyetin Kurucu Ba\u015fkan\u0131 D\u00fcndar Parmaks\u0131zo\u011flu\u2019dur. 14 Aral\u0131k 1997\u00a0 tarihinde yap\u0131lan ilk ola\u011fan genel kurulunda kurucu ba\u015fkan Parmaks\u0131zo\u011flu se\u00e7imle i\u015fba\u015f\u0131na gelmi\u015f ve y\u00f6netim kurulunda Ba\u015fkan Yard\u0131mc\u0131l\u0131\u011f\u0131na Mehmet Durmu\u015f, sekreterli\u011fe Musa Zeybek, muhasipli\u011fe Ali \u00d6zkaya, \u00fcyeli\u011fe ise Tar\u0131k Arslan se\u00e7ilmi\u015ftir. Kurulu\u015f i\u015flemlerini tamamlayan Parmaks\u0131zo\u011flu, dernek yeri konusu ile ilgili [&hellip;]<\/p>\n","protected":false},"author":1,"featured_media":0,"parent":0,"menu_order":0,"comment_status":"open","ping_status":"open","template":"","meta":{"footnotes":""},"class_list":["post-2","page","type-page","status-publish","hentry"],"jetpack_sharing_enabled":true,"_links":{"self":[{"href":"https:\/\/www.mudanyagazeteciler.org\/index.php?rest_route=\/wp\/v2\/pages\/2","targetHints":{"allow":["GET"]}}],"collection":[{"href":"https:\/\/www.mudanyagazeteciler.org\/index.php?rest_route=\/wp\/v2\/pages"}],"about":[{"href":"https:\/\/www.mudanyagazeteciler.org\/index.php?rest_route=\/wp\/v2\/types\/page"}],"author":[{"embeddable":true,"href":"https:\/\/www.mudanyagazeteciler.org\/index.php?rest_route=\/wp\/v2\/users\/1"}],"replies":[{"embeddable":true,"href":"https:\/\/www.mudanyagazeteciler.org\/index.php?rest_route=%2Fwp%2Fv2%2Fcomments&post=2"}],"version-history":[{"count":7,"href":"https:\/\/www.mudanyagazeteciler.org\/index.php?rest_route=\/wp\/v2\/pages\/2\/revisions"}],"predecessor-version":[{"id":474,"href":"https:\/\/www.mudanyagazeteciler.org\/index.php?rest_route=\/wp\/v2\/pages\/2\/revisions\/474"}],"wp:attachment":[{"href":"https:\/\/www.mudanyagazeteciler.org\/index.php?rest_route=%2Fwp%2Fv2%2Fmedia&parent=2"}],"curies":[{"name":"wp","href":"https:\/\/api.w.org\/{rel}","templated":true}]}}