{"id":18,"date":"2010-02-07T01:20:19","date_gmt":"2010-02-07T01:20:19","guid":{"rendered":"http:\/\/www.mudanyagazeteciler.org\/?page_id=18"},"modified":"2010-02-11T21:58:58","modified_gmt":"2010-02-11T21:58:58","slug":"baskanlarimiz","status":"publish","type":"page","link":"https:\/\/www.mudanyagazeteciler.org\/?page_id=18","title":{"rendered":"Ba\u015fkanlar\u0131m\u0131z"},"content":{"rendered":"<p>S. D\u00fcndar PARMAKSIZO\u011eLU<br \/>\n1997 &#8211; 1999<\/p>\n<p>A. \u00c7etin GER\u00c7EK\u00c7\u0130<br \/>\n1999 &#8211; 2005<\/p>\n<p>Tar\u0131k ARSLAN<br \/>\n2005 &#8211; 2007<\/p>\n<p>Yavuz GER\u00c7EK\u00c7\u0130<br \/>\n2007 &#8211; &#8230;&#8230;<\/p>\n","protected":false},"excerpt":{"rendered":"<p>S. D\u00fcndar PARMAKSIZO\u011eLU 1997 &#8211; 1999 A. \u00c7etin GER\u00c7EK\u00c7\u0130 1999 &#8211; 2005 Tar\u0131k ARSLAN 2005 &#8211; 2007 Yavuz GER\u00c7EK\u00c7\u0130 2007 &#8211; &#8230;&#8230;<\/p>\n","protected":false},"author":1,"featured_media":0,"parent":0,"menu_order":0,"comment_status":"open","ping_status":"open","template":"","meta":{"footnotes":""},"class_list":["post-18","page","type-page","status-publish","hentry"],"jetpack_sharing_enabled":true,"_links":{"self":[{"href":"https:\/\/www.mudanyagazeteciler.org\/index.php?rest_route=\/wp\/v2\/pages\/18","targetHints":{"allow":["GET"]}}],"collection":[{"href":"https:\/\/www.mudanyagazeteciler.org\/index.php?rest_route=\/wp\/v2\/pages"}],"about":[{"href":"https:\/\/www.mudanyagazeteciler.org\/index.php?rest_route=\/wp\/v2\/types\/page"}],"author":[{"embeddable":true,"href":"https:\/\/www.mudanyagazeteciler.org\/index.php?rest_route=\/wp\/v2\/users\/1"}],"replies":[{"embeddable":true,"href":"https:\/\/www.mudanyagazeteciler.org\/index.php?rest_route=%2Fwp%2Fv2%2Fcomments&post=18"}],"version-history":[{"count":2,"href":"https:\/\/www.mudanyagazeteciler.org\/index.php?rest_route=\/wp\/v2\/pages\/18\/revisions"}],"predecessor-version":[{"id":27,"href":"https:\/\/www.mudanyagazeteciler.org\/index.php?rest_route=\/wp\/v2\/pages\/18\/revisions\/27"}],"wp:attachment":[{"href":"https:\/\/www.mudanyagazeteciler.org\/index.php?rest_route=%2Fwp%2Fv2%2Fmedia&parent=18"}],"curies":[{"name":"wp","href":"https:\/\/api.w.org\/{rel}","templated":true}]}}